{"id":753,"date":"2025-03-11T18:08:40","date_gmt":"2025-03-11T18:08:40","guid":{"rendered":"https:\/\/www.consumidoresanonimos.com\/?page_id=753"},"modified":"2025-04-25T04:35:22","modified_gmt":"2025-04-25T04:35:22","slug":"shoppers","status":"publish","type":"page","link":"https:\/\/www.consumidoresanonimos.com\/en\/shoppers\/","title":{"rendered":"Shoppers"},"content":{"rendered":"<div data-elementor-type=\"wp-post\" data-elementor-id=\"758\" class=\"elementor elementor-758\">\n\t\t\t\t<div class=\"elementor-element elementor-element-dce1138 e-con-full e-flex e-con e-parent\" data-id=\"dce1138\" data-element_type=\"container\">\n\t\t\t\t<div class=\"elementor-element elementor-element-55a6071 elementor-widget elementor-widget-html\" data-id=\"55a6071\" data-element_type=\"widget\" data-widget_type=\"html.default\">\n\t\t\t\t<div class=\"elementor-widget-container\">\n\t\t\t\t\t<head>\n    <link rel=\"stylesheet\" href=\"https:\/\/cdn.jsdelivr.net\/npm\/bootstrap@3.3.7\/dist\/css\/bootstrap.min.css\" integrity=\"sha384-BVYiiSIFeK1dGmJRAkycuHAHRg32OmUcww7on3RYdg4Va+PmSTsz\/K68vbdEjh4u\" crossorigin=\"anonymous\">\n\n<\/head>\n\n<div id=\"floating_return_to_hero\" class=\"inactive\">\n        <a href=\"#masthead\">\n            <figure>\n                <img decoding=\"async\" src=\"https:\/\/www.consumidoresanonimos.com\/wp-content\/uploads\/2025\/03\/chevron-down.svg\" alt=\"Icono flotante para volver al inicio de la p\u00e1gina\">\n            <\/figure>\n        <\/a>\n    <\/div>\n\n<div id=\"floating_wp_button\">\n        <a href=\"https:\/\/wa.me\/+525634804217\">\n            <figure>\n                <img decoding=\"async\" src=\"https:\/\/www.consumidoresanonimos.com\/wp-content\/uploads\/2025\/03\/Whats2_btn.png\" alt=\"Bot\u00f3n para ir al WhatsApp de Consumidores An\u00f3nimos\">\n            <\/figure>\n        <\/a>\n    <\/div>\n    \n    <section id=\"hero\">\n        <div id=\"hero_video\">\n            <video autoplay muted loop playsinline preload=\"auto\" width=\"100%\">\n                <source src=\"https:\/\/www.consumidoresanonimos.com\/wp-content\/uploads\/2025\/04\/shoppers_hero.mp4\" type=\"video\/mp4\">\n            <\/video>\n            video not supported\n        <\/div>\n        <div id=\"hero_text\">\n            <div id=\"hero_title\">Shoppers<\/div>\n        <\/div>\n    <\/section>\n    \n<section id=\"shopper_benefits\">\n        <h2 class=\"section-title\">Being a <i>Mystery Shopper<\/i> not only allows you to earn extra money, but also offers unique benefits:<\/h2>\n\n        <div class=\"shopper-benefits\">\n            <div class=\"shopper-benefit\">\n                <figure><img decoding=\"async\" src=\"https:\/\/www.consumidoresanonimos.com\/wp-content\/uploads\/2025\/03\/ingreso-adicional.png\" alt=\"Imagen de billete con un s\u00edmbolo de m\u00e1s que ejemplifica ingreso adicional\"><\/figure>\n                <h4>Extra income:<\/h4>\n                <p>Choose tasks that fit your interests and skills, a great source of extra money!<\/p>\n            <\/div>\n    \n            <div class=\"shopper-benefit\">\n                <figure><img decoding=\"async\" src=\"https:\/\/www.consumidoresanonimos.com\/wp-content\/uploads\/2025\/03\/productos-y-servicios.png\" alt=\"Imagen de mano que recibe una caja de regalo que ejemplifica regalo\"><\/figure>\n                <h4>Get free meals, clothing, or technology:<\/h4>\n                <p>When participating as <i>Mystery Shopper<\/i>, many businesses allow you to keep what you purchased during the evaluation. Evaluate and enjoy!<\/p>\n            <\/div>\n    \n            <div class=\"shopper-benefit\">\n                <figure><img decoding=\"async\" src=\"https:\/\/www.consumidoresanonimos.com\/wp-content\/uploads\/2025\/03\/flexibilidad.png\" alt=\"Imagen de reloj que ejemplifica flexibilidad de horario\"><\/figure>\n                <h4>Schedule flexibility:<\/h4>\n                <p>Do tasks when it suits you best, without compromising your other responsibilities.<\/p>\n            <\/div>\n    \n            <div class=\"shopper-benefit\">\n                <figure><img decoding=\"async\" src=\"https:\/\/www.consumidoresanonimos.com\/wp-content\/uploads\/2025\/03\/contribucion.png\" alt=\"Imagen de una mano que sostiene una bandera que ejemplifica mejora de servicios\"><\/figure>\n                <h4>Contribution to change:<\/h4>\n                <p>Your work helps Companies improve their Customer service and the quality of their products and services.<\/p>\n            <\/div>\n        <\/div>\n\n        <p class=\"section-description\">\n            Becoming a <i>Mystery Shopper<\/i> is an easy and flexible way to earn extra money while contributing to the growth of the brands you visit!\n        <\/p>\n\n        <div id=\"shopper_benefits_cta\">\n            <a href=\"https:\/\/www.instantdata.consumidoresanonimos.com\/shoppers\/LoginShopper.norm.php\"><button><b>Access for<\/b> Registered Shoppers<\/button><\/a>\n            <a href=\"https:\/\/www.sassieshop.com\/sassie\/SassieShopperSignup\/Signup.php?EmsID=DSzdcgxIfm0%3D\"><button><b>Registration of<\/b> New Shoppers<\/button><\/a>\n        <\/div>\n    <\/section>\t\t\t\t<\/div>\n\t\t\t\t<\/div>\n\t\t\t\t<\/div>\n\t\t<div class=\"elementor-element elementor-element-ceb899d e-con-full e-flex e-con e-parent\" data-id=\"ceb899d\" data-element_type=\"container\">\n\t\t\t\t<div class=\"elementor-element elementor-element-c3ed69f elementor-widget elementor-widget-html\" data-id=\"c3ed69f\" data-element_type=\"widget\" data-widget_type=\"html.default\">\n\t\t\t\t<div class=\"elementor-widget-container\">\n\t\t\t\t\t<section id=\"shopper_faq\">\n        <h2 class=\"section-title\">FAQ<\/h2>\n\n        <div class=\"service\">\n            <div class=\"service-title\">\n                <h5>What is a <i><b>Mystery Shopping<\/b><\/i> <span class=\"en-suffix\">program<\/span> and how does it work?<\/h5>\n                <button class=\"service-display-more\">\n                    <img decoding=\"async\" src=\"https:\/\/www.consumidoresanonimos.com\/wp-content\/uploads\/2025\/03\/plus.svg\" alt=\"Bot\u00f3n para ver m\u00e1s informaci\u00f3n de qu\u00e9 es el Mystery Shopping\">\n                <\/button>\n            <\/div>\n            <p class=\"service-description inactive\">\n                <span class=\"es-prefix\">El<\/span> <i>Mystery Shopping<\/i> consists of making purchases or simulated interactions in different establishments to evaluate the quality of service, customer service and other aspects of the shopping experience. As a Shopper, you'll receive specific tasks that will include details on what you need to observe, evaluate, and report.\n            <\/p>\n        <\/div>\n\n        <div class=\"service\">\n            <div class=\"service-title\">\n                <h5>How do I become a <i><b>Mystery Shopper<\/b><\/i> ?<\/h5>\n                <button class=\"service-display-more\">\n                    <img decoding=\"async\" src=\"https:\/\/www.consumidoresanonimos.com\/wp-content\/uploads\/2025\/03\/plus.svg\" alt=\"Bot\u00f3n para ver m\u00e1s informaci\u00f3n de qu\u00e9 es el Mystery Shopping\">\n                <\/button>\n            <\/div>\n            <p class=\"service-description inactive\">\n                It's easy to join our projects. You just need to register on our platform, complete a short training and start receiving <i>Mystery Shopping<\/i><span class=\"en-suffix\"> opportunities<\/span>. We will provide you with all the information you need to conduct your assessments effectively.\n            <\/p>\n        <\/div>\n\n        <div class=\"service\">\n            <div class=\"service-title\">\n                <h5>What kind of tasks will I have to perform as a <i><b>Mystery Shopper<\/b><\/i> ?<\/h5>\n                <button class=\"service-display-more\">\n                    <img decoding=\"async\" src=\"https:\/\/www.consumidoresanonimos.com\/wp-content\/uploads\/2025\/03\/plus.svg\" alt=\"Bot\u00f3n para ver m\u00e1s informaci\u00f3n de qu\u00e9 es el Mystery Shopping\">\n                <\/button>\n            <\/div>\n            <p class=\"service-description inactive\">\n                As a <i>Mystery Shopper<\/i>, you will have to visit stores, restaurants or other businesses, make specific purchases or interactions, and evaluate aspects such as customer service, cleanliness, waiting times, product presentation, among others. Everything is detailed in the instructions you will receive before each task.\n            <\/p>\n        <\/div>\n\n        <div class=\"service\">\n            <div class=\"service-title\">\n                <h5>How much can I earn by doing <i>Mystery Shopping<\/i> ?<\/h5>\n                <button class=\"service-display-more\">\n                    <img decoding=\"async\" src=\"https:\/\/www.consumidoresanonimos.com\/wp-content\/uploads\/2025\/03\/plus.svg\" alt=\"Bot\u00f3n para ver m\u00e1s informaci\u00f3n de qu\u00e9 es el Mystery Shopping\">\n                <\/button>\n            <\/div>\n            <p class=\"service-description inactive\">\n                Income varies depending on the task, which may include exclusive invitations to interesting places, payment for the visit or reimbursement of products or services. A great way to earn extra money while enjoying new experiences!\n            <\/p>\n        <\/div>\n\n        <div class=\"service\">\n            <div class=\"service-title\">\n                <h5>Do I need previous experience to be a <i>Mystery Shopper<\/i> ?<\/h5>\n                <button class=\"service-display-more\">\n                    <img decoding=\"async\" src=\"https:\/\/www.consumidoresanonimos.com\/wp-content\/uploads\/2025\/03\/plus.svg\" alt=\"Bot\u00f3n para ver m\u00e1s informaci\u00f3n de qu\u00e9 es el Mystery Shopping\">\n                <\/button>\n            <\/div>\n            <p class=\"service-description inactive\">\n                You don't need any previous experience. We are only looking for observant, detail-oriented and very committed people to evaluate the service of third parties. We provide you with training so that you have the necessary tools to carry out your evaluations successfully. If you have a keen eye for detail, you'll love being a <i>Mystery Shopper<\/i>!\n            <\/p>\n        <\/div>\n    <\/section>\t\t\t\t<\/div>\n\t\t\t\t<\/div>\n\t\t\t\t<\/div>\n\t\t<div class=\"elementor-element elementor-element-4f5ca5e e-flex e-con-boxed elementor-invisible e-con e-parent\" data-id=\"4f5ca5e\" data-element_type=\"container\" data-settings=\"{&quot;animation&quot;:&quot;fadeIn&quot;}\">\n\t\t\t\t\t<div class=\"e-con-inner\">\n\t\t\t\t<div class=\"elementor-element elementor-element-349b448 elementor-widget elementor-widget-video\" data-id=\"349b448\" data-element_type=\"widget\" data-settings=\"{&quot;video_type&quot;:&quot;hosted&quot;,&quot;controls&quot;:&quot;yes&quot;}\" data-widget_type=\"video.default\">\n\t\t\t\t<div class=\"elementor-widget-container\">\n\t\t\t\t\t\t\t<div class=\"e-hosted-video elementor-wrapper elementor-open-inline\">\n\t\t\t\t\t<video class=\"elementor-video\" src=\"https:\/\/www.consumidoresanonimos.com\/wp-content\/uploads\/2025\/03\/Como_ser_un_Ms_-5.mp4\" controls=\"\" preload=\"auto\" controlslist=\"nodownload\"><\/video>\n\t\t\t\t<\/div>\n\t\t\t\t\t\t<\/div>\n\t\t\t\t<\/div>\n\t\t\t\t\t<\/div>\n\t\t\t\t<\/div>\n\t\t<div class=\"elementor-element elementor-element-4c037a3 e-con-full e-flex e-con e-parent\" data-id=\"4c037a3\" data-element_type=\"container\">\n\t\t\t\t<div class=\"elementor-element elementor-element-c46b047 elementor-widget elementor-widget-html\" data-id=\"c46b047\" data-element_type=\"widget\" data-widget_type=\"html.default\">\n\t\t\t\t<div class=\"elementor-widget-container\">\n\t\t\t\t\t<section id=\"shoppers_testimonials\">\n        <h2 class=\"section-title\">Testimonials<\/h2>\n\n        <p class=\"section-description\">See what our <b>Shoppers<\/b> say about us<\/p>\n\n        <div id=\"testimonials_carousel\" class=\"carousel slide\" data-ride=\"carousel\">\n            <!-- Indicators -->\n            <ol class=\"carousel-indicators\">\n              <li data-target=\"#testimonials_carousel\" data-slide-to=\"0\" class=\"active\"><\/li>\n              <li data-target=\"#testimonials_carousel\" data-slide-to=\"1\"><\/li>\n              <li data-target=\"#testimonials_carousel\" data-slide-to=\"2\"><\/li>\n              <li data-target=\"#testimonials_carousel\" data-slide-to=\"3\"><\/li>\n            <\/ol>\n          \n            <!-- Wrapper for slides -->\n            <div class=\"carousel-inner\" role=\"listbox\">\n              <div class=\"item active\">\n                <div class=\"partner-avatar\">\n                    <figure><img decoding=\"async\" src=\"https:\/\/www.consumidoresanonimos.com\/wp-content\/uploads\/2025\/03\/user_2.svg\" alt=\"Foto de perfil de Luis L.\"><\/figure>\n                    <div class=\"partner-data\">Luis L.<br>CDMX<\/div>\n                <\/div>\n                <div class=\"partner-testimonial\">\n                    Personally, it has been a good experience, I have had close contact with my Project Coordinators. The payment of the evaluations is made in the established time and I am sent a list of the paid visits in a broken down way, which helps me to keep a personal control of my income.\n                <\/div>\n              <\/div>\n\n              <div class=\"item\">\n                <div class=\"partner-avatar\">\n                    <figure><img decoding=\"async\" src=\"https:\/\/www.consumidoresanonimos.com\/wp-content\/uploads\/2025\/03\/user_2.svg\" alt=\"Foto de perfil de Luis L.\"><\/figure>\n                    <div class=\"partner-data\">Adri\u00e1n C.<br>Yucat\u00e1n<\/div>\n                <\/div>\n                <div class=\"partner-testimonial\">\n                    The truth is that it has been a very rewarding experience, since they offer work projects that are good; they provide the necessary facilities and training and pay what is established in each project after having sent the evaluations. This is a good opportunity to generate money in your free time.\n                <\/div>\n              <\/div>\n\n              <div class=\"item\">\n                <div class=\"partner-avatar\">\n                    <figure><img decoding=\"async\" src=\"https:\/\/www.consumidoresanonimos.com\/wp-content\/uploads\/2025\/03\/user_2.svg\" alt=\"Foto de perfil de Luis L.\"><\/figure>\n                    <div class=\"partner-data\">Javier T.<br>Yucat\u00e1n<\/div>\n                <\/div>\n                <div class=\"partner-testimonial\">\n                    I share a little of what I have experienced with Anonymous Consumers. To begin with, I am enormously grateful because I was given the first opportunity in a Mystery Shopping project. To date, I have been with the Company for 7 years. They have always been aware of me, as a Shopper and have continuously given me feedback on my work to improve. I describe my experience as one of the best and I wish I could spend a lot of time sharing new adventures.\n                <\/div>\n              <\/div>\n\n              <div class=\"item\">\n                <div class=\"partner-avatar\">\n                    <figure><img decoding=\"async\" src=\"https:\/\/www.consumidoresanonimos.com\/wp-content\/uploads\/2025\/03\/user_2.svg\" alt=\"Foto de perfil de Luis L.\"><\/figure>\n                    <div class=\"partner-data\">Adriana M.<br>Yucat\u00e1n<\/div>\n                <\/div>\n                <div class=\"partner-testimonial\">\n                    I am grateful that there are platforms like Consumers Anonymous, which gives people like me, who am a mother and housewife, the opportunity to work.\nI like the flexibility of schedules to make the visits and as for the payments, I have never been left to owe anything. In addition, the tasks to be performed turn out to be pleasant experiences.\n                <\/div>\n              <\/div>\n            <\/div>\n          \n            <!-- Controls -->\n            <a class=\"left carousel-control\" href=\"#testimonials_carousel\" role=\"button\" data-slide=\"prev\">\n              <span class=\"glyphicon glyphicon-chevron-left\" aria-hidden=\"true\"><\/span>\n              <span class=\"sr-only\">Previous<\/span>\n            <\/a>\n            <a class=\"right carousel-control\" href=\"#testimonials_carousel\" role=\"button\" data-slide=\"next\">\n              <span class=\"glyphicon glyphicon-chevron-right\" aria-hidden=\"true\"><\/span>\n              <span class=\"sr-only\">Next<\/span>\n            <\/a>\n          <\/div>\n    <\/section>\t\t\t\t<\/div>\n\t\t\t\t<\/div>\n\t\t\t\t<\/div>\n\t\t<div class=\"elementor-element elementor-element-40b1537 e-flex e-con-boxed e-con e-parent\" data-id=\"40b1537\" data-element_type=\"container\">\n\t\t\t\t\t<div class=\"e-con-inner\">\n\t\t\t\t<div class=\"elementor-element elementor-element-9418477 elementor-widget elementor-widget-html\" data-id=\"9418477\" data-element_type=\"widget\" data-widget_type=\"html.default\">\n\t\t\t\t<div class=\"elementor-widget-container\">\n\t\t\t\t\t<script src=\"https:\/\/code.jquery.com\/jquery-1.12.4.js\" integrity=\"sha256-Qw82+bXyGq6MydymqBxNPYTaUXXq7c8v3CwiYwLLNXU=\" crossorigin=\"anonymous\"><\/script>\n    <script src=\"https:\/\/cdn.jsdelivr.net\/npm\/bootstrap@3.3.7\/dist\/js\/bootstrap.min.js\" integrity=\"sha384-Tc5IQib027qvyjSMfHjOMaLkfuWVxZxUPnCJA7l2mCWNIpG9mGCD8wGNIcPD7Txa\" crossorigin=\"anonymous\"><\/script>\n    <script>\n        const displayServiceDataTriggers = document.querySelectorAll('.service .service-title');\n\n        displayServiceDataTriggers.forEach(trigger => {\n            trigger.addEventListener('click', () => {\n                const serviceItem = trigger.parentElement;\n                const serviceDescription = trigger.nextElementSibling;\n                const animatedButton = trigger.lastElementChild\n\n                if (animatedButton.classList.contains('rotate180')){\n                    animatedButton.classList.remove('rotate180');\n                    animatedButton.classList.add('unrotate180');\n                    serviceItem.classList.remove('extend-service-data');\n                    serviceItem.classList.add('hide-service-data');\n                    setTimeout(() => {\n                        serviceItem.classList.remove('hide-service-data');\n                        animatedButton.classList.remove('unrotate180');\n                    }, 450);\n                    serviceDescription.classList.remove('fade-in');\n                    serviceDescription.classList.add('inactive');\n                }\n                else {\n                    animatedButton.classList.add('rotate180');\n                    serviceItem.classList.add('extend-service-data');\n                    serviceDescription.classList.add('fade-in');\n                    serviceDescription.classList.remove('inactive');\n                }\n            });\n        });\n        \n        const body = document.querySelector('body');\n        const floatingReturnToHero = document.getElementById('floating_return_to_hero');\n        const floatingReturnToHeroAnchor = floatingReturnToHero.querySelector('a');\n\n        body.addEventListener('wheel', () => {\n            if (window.scrollY > (window.innerHeight \/ 2)) floatingReturnToHero.className = 'fast-fade-in';\n            else floatingReturnToHero.className = 'inactive';\n        });\n\n        floatingReturnToHeroAnchor.addEventListener('click', () => {floatingReturnToHero.classList.add('inactive');});\n\n        $('.carousel').carousel({\n            interval: 3000,\n            pause: 'hover',\n        });\n    <\/script>\t\t\t\t<\/div>\n\t\t\t\t<\/div>\n\t\t\t\t\t<\/div>\n\t\t\t\t<\/div>\n\t\t\t\t<\/div>\n\t\t\n\n\n\n<p><\/p>","protected":false},"excerpt":{"rendered":"","protected":false},"author":0,"featured_media":0,"parent":0,"menu_order":0,"comment_status":"closed","ping_status":"closed","template":"elementor_header_footer","meta":{"footnotes":""},"class_list":["post-753","page","type-page","status-publish","hentry"],"_links":{"self":[{"href":"https:\/\/www.consumidoresanonimos.com\/en\/wp-json\/wp\/v2\/pages\/753","targetHints":{"allow":["GET"]}}],"collection":[{"href":"https:\/\/www.consumidoresanonimos.com\/en\/wp-json\/wp\/v2\/pages"}],"about":[{"href":"https:\/\/www.consumidoresanonimos.com\/en\/wp-json\/wp\/v2\/types\/page"}],"replies":[{"embeddable":true,"href":"https:\/\/www.consumidoresanonimos.com\/en\/wp-json\/wp\/v2\/comments?post=753"}],"version-history":[{"count":5,"href":"https:\/\/www.consumidoresanonimos.com\/en\/wp-json\/wp\/v2\/pages\/753\/revisions"}],"predecessor-version":[{"id":2257,"href":"https:\/\/www.consumidoresanonimos.com\/en\/wp-json\/wp\/v2\/pages\/753\/revisions\/2257"}],"wp:attachment":[{"href":"https:\/\/www.consumidoresanonimos.com\/en\/wp-json\/wp\/v2\/media?parent=753"}],"curies":[{"name":"wp","href":"https:\/\/api.w.org\/{rel}","templated":true}]}}