{"id":753,"date":"2025-03-11T18:08:40","date_gmt":"2025-03-11T18:08:40","guid":{"rendered":"https:\/\/www.consumidoresanonimos.com\/?page_id=753"},"modified":"2025-04-25T04:35:22","modified_gmt":"2025-04-25T04:35:22","slug":"shoppers","status":"publish","type":"page","link":"https:\/\/www.consumidoresanonimos.com\/es\/shoppers\/","title":{"rendered":"Shoppers"},"content":{"rendered":"\t\t<div data-elementor-type=\"wp-post\" data-elementor-id=\"758\" class=\"elementor elementor-758\">\n\t\t\t\t<div class=\"elementor-element elementor-element-dce1138 e-con-full e-flex e-con e-parent\" data-id=\"dce1138\" data-element_type=\"container\">\n\t\t\t\t<div class=\"elementor-element elementor-element-55a6071 elementor-widget elementor-widget-html\" data-id=\"55a6071\" data-element_type=\"widget\" data-widget_type=\"html.default\">\n\t\t\t\t<div class=\"elementor-widget-container\">\n\t\t\t\t\t<head>\n    <link rel=\"stylesheet\" href=\"https:\/\/cdn.jsdelivr.net\/npm\/bootstrap@3.3.7\/dist\/css\/bootstrap.min.css\" integrity=\"sha384-BVYiiSIFeK1dGmJRAkycuHAHRg32OmUcww7on3RYdg4Va+PmSTsz\/K68vbdEjh4u\" crossorigin=\"anonymous\">\n\n<\/head>\n\n<div id=\"floating_return_to_hero\" class=\"inactive\">\n        <a href=\"#masthead\">\n            <figure>\n                <img decoding=\"async\" src=\"https:\/\/www.consumidoresanonimos.com\/wp-content\/uploads\/2025\/03\/chevron-down.svg\" alt=\"Icono flotante para volver al inicio de la p\u00e1gina\">\n            <\/figure>\n        <\/a>\n    <\/div>\n\n<div id=\"floating_wp_button\">\n        <a href=\"https:\/\/wa.me\/+525634804217\">\n            <figure>\n                <img decoding=\"async\" src=\"https:\/\/www.consumidoresanonimos.com\/wp-content\/uploads\/2025\/03\/Whats2_btn.png\" alt=\"Bot\u00f3n para ir al WhatsApp de Consumidores An\u00f3nimos\">\n            <\/figure>\n        <\/a>\n    <\/div>\n    \n    <section id=\"hero\">\n        <div id=\"hero_video\">\n            <video autoplay muted loop playsinline preload=\"auto\" width=\"100%\">\n                <source src=\"https:\/\/www.consumidoresanonimos.com\/wp-content\/uploads\/2025\/04\/shoppers_hero.mp4\" type=\"video\/mp4\">\n            <\/video>\n            video not supported\n        <\/div>\n        <div id=\"hero_text\">\n            <div id=\"hero_title\">Shoppers<\/div>\n        <\/div>\n    <\/section>\n    \n<section id=\"shopper_benefits\">\n        <h2 class=\"section-title\">Ser <i>Mystery Shopper<\/i> no s\u00f3lo te permite ganar dinero extra, sino que te ofrece beneficios \u00fanicos:<\/h2>\n\n        <div class=\"shopper-benefits\">\n            <div class=\"shopper-benefit\">\n                <figure><img decoding=\"async\" src=\"https:\/\/www.consumidoresanonimos.com\/wp-content\/uploads\/2025\/03\/ingreso-adicional.png\" alt=\"Imagen de billete con un s\u00edmbolo de m\u00e1s que ejemplifica ingreso adicional\"><\/figure>\n                <h4>Ingreso Adicional:<\/h4>\n                <p>Elige tareas que se ajusten a tus intereses y habilidades, \u00a1una excelente fuente de dinero extra!<\/p>\n            <\/div>\n    \n            <div class=\"shopper-benefit\">\n                <figure><img decoding=\"async\" src=\"https:\/\/www.consumidoresanonimos.com\/wp-content\/uploads\/2025\/03\/productos-y-servicios.png\" alt=\"Imagen de mano que recibe una caja de regalo que ejemplifica regalo\"><\/figure>\n                <h4>Obt\u00e9n comidas, ropa o tecnolog\u00eda gratis:<\/h4>\n                <p>Al participar como <i>Mystery Shopper<\/i>, muchos comercios te permiten quedarte con lo que adquieres durante la evaluaci\u00f3n. \u00a1Eval\u00faa y disfruta!<\/p>\n            <\/div>\n    \n            <div class=\"shopper-benefit\">\n                <figure><img decoding=\"async\" src=\"https:\/\/www.consumidoresanonimos.com\/wp-content\/uploads\/2025\/03\/flexibilidad.png\" alt=\"Imagen de reloj que ejemplifica flexibilidad de horario\"><\/figure>\n                <h4>Flexibilidad de horario:<\/h4>\n                <p>Realiza las tareas cuando mejor te convenga, sin comprometer tus otras responsabilidades.<\/p>\n            <\/div>\n    \n            <div class=\"shopper-benefit\">\n                <figure><img decoding=\"async\" src=\"https:\/\/www.consumidoresanonimos.com\/wp-content\/uploads\/2025\/03\/contribucion.png\" alt=\"Imagen de una mano que sostiene una bandera que ejemplifica mejora de servicios\"><\/figure>\n                <h4>Contibuci\u00f3n al cambio:<\/h4>\n                <p>Tu trabajo ayuda a las Empresas a mejorar su atenci\u00f3n al Cliente, as\u00ed como la calidad de sus productos y servicios.<\/p>\n            <\/div>\n        <\/div>\n\n        <p class=\"section-description\">\n            \u00a1Convertirte en <i>Mystery Shopper<\/i> es una forma f\u00e1cil de ganar dinero extra mientras contribuyes al crecimiento de las marcas que visitas!\n        <\/p>\n\n        <div id=\"shopper_benefits_cta\">\n            <a href=\"https:\/\/www.instantdata.consumidoresanonimos.com\/shoppers\/LoginShopper.norm.php\"><button><b>Accceso<\/b> Shoppers Registrados<\/button><\/a>\n            <a href=\"https:\/\/www.sassieshop.com\/sassie\/SassieShopperSignup\/Signup.php?EmsID=DSzdcgxIfm0%3D\"><button><b>Registro<\/b> de Nuevos Shoppers<\/button><\/a>\n        <\/div>\n    <\/section>\t\t\t\t<\/div>\n\t\t\t\t<\/div>\n\t\t\t\t<\/div>\n\t\t<div class=\"elementor-element elementor-element-ceb899d e-con-full e-flex e-con e-parent\" data-id=\"ceb899d\" data-element_type=\"container\">\n\t\t\t\t<div class=\"elementor-element elementor-element-c3ed69f elementor-widget elementor-widget-html\" data-id=\"c3ed69f\" data-element_type=\"widget\" data-widget_type=\"html.default\">\n\t\t\t\t<div class=\"elementor-widget-container\">\n\t\t\t\t\t<section id=\"shopper_faq\">\n        <h2 class=\"section-title\">Preguntas Frecuentes<\/h2>\n\n        <div class=\"service\">\n            <div class=\"service-title\">\n                <h5>\u00bfQu\u00e9 es un programa de <i><b>Mystery Shopping<\/b><\/i> <span class=\"en-suffix\">programa<\/span> y c\u00f3mo funciona?<\/h5>\n                <button class=\"service-display-more\">\n                    <img decoding=\"async\" src=\"https:\/\/www.consumidoresanonimos.com\/wp-content\/uploads\/2025\/03\/plus.svg\" alt=\"Bot\u00f3n para ver m\u00e1s informaci\u00f3n de qu\u00e9 es el Mystery Shopping\">\n                <\/button>\n            <\/div>\n            <p class=\"service-description inactive\">\n                <span class=\"es-prefix\">El<\/span> <i>Mystery Shopping<\/i> consiste en realizar compras o interacciones simuladas en diferentes establecimientos para evaluar la calidad del servicio, atenci\u00f3n al Cliente y \n                otros aspectos de la experiencia de compra. Como Shopper, recibir\u00e1s tareas espec\u00edficas que incluir\u00e1n detalles sobre lo que debes observar, evaluar y reportar.\n            <\/p>\n        <\/div>\n\n        <div class=\"service\">\n            <div class=\"service-title\">\n                <h5>\u00bfC\u00f3mo me convierto en un <i><b>Mystery Shopper<\/b><\/i> ?<\/h5>\n                <button class=\"service-display-more\">\n                    <img decoding=\"async\" src=\"https:\/\/www.consumidoresanonimos.com\/wp-content\/uploads\/2025\/03\/plus.svg\" alt=\"Bot\u00f3n para ver m\u00e1s informaci\u00f3n de qu\u00e9 es el Mystery Shopping\">\n                <\/button>\n            <\/div>\n            <p class=\"service-description inactive\">\n                Es f\u00e1cil unirte a nuestros proyectos. Solo necesitas registrarte en nuestra plataforma, completar una breve capacitaci\u00f3n y comenzar a recibir oportunidades de <i>Mystery Shopping<\/i><span class=\"en-suffix\"> oportunidades<\/span>. Te proporcionaremos toda la informaci\u00f3n necesaria para realizar tus evaluaciones de manera efectiva.\n            <\/p>\n        <\/div>\n\n        <div class=\"service\">\n            <div class=\"service-title\">\n                <h5>\u00bfQu\u00e9 tipo de tareas tendr\u00e9 que realizar como <i><b>Mystery Shopper<\/b><\/i> ?<\/h5>\n                <button class=\"service-display-more\">\n                    <img decoding=\"async\" src=\"https:\/\/www.consumidoresanonimos.com\/wp-content\/uploads\/2025\/03\/plus.svg\" alt=\"Bot\u00f3n para ver m\u00e1s informaci\u00f3n de qu\u00e9 es el Mystery Shopping\">\n                <\/button>\n            <\/div>\n            <p class=\"service-description inactive\">\n                Como <i>Mystery Shopper<\/i>, deber\u00e1s visitar tiendas, restaurantes u otros negocios, hacer compras o interacciones espec\u00edficas, y evaluar aspectos como la atenci\u00f3n al Cliente, limpieza, \n                tiempos de espera, presentaci\u00f3n de productos, entre otros. Todo est\u00e1 detallado en las instrucciones que recibir\u00e1s antes de cada tarea.\n            <\/p>\n        <\/div>\n\n        <div class=\"service\">\n            <div class=\"service-title\">\n                <h5>\u00bfCu\u00e1nto puedo ganar realizando <i>Mystery Shopping<\/i> ?<\/h5>\n                <button class=\"service-display-more\">\n                    <img decoding=\"async\" src=\"https:\/\/www.consumidoresanonimos.com\/wp-content\/uploads\/2025\/03\/plus.svg\" alt=\"Bot\u00f3n para ver m\u00e1s informaci\u00f3n de qu\u00e9 es el Mystery Shopping\">\n                <\/button>\n            <\/div>\n            <p class=\"service-description inactive\">\n                Los ingresos var\u00edan seg\u00fan la tarea, que puede incluir invitaciones exclusivas a lugares interesantes, el pago por la visita o reembolso de productos o servicios. \u00a1Una excelente \n                forma de ganar dinero extra mientras disfrutas de nuevas experiencias!\n            <\/p>\n        <\/div>\n\n        <div class=\"service\">\n            <div class=\"service-title\">\n                <h5>\u00bfNecesito experiencia previa para ser un <i>Mystery Shopper<\/i> ?<\/h5>\n                <button class=\"service-display-more\">\n                    <img decoding=\"async\" src=\"https:\/\/www.consumidoresanonimos.com\/wp-content\/uploads\/2025\/03\/plus.svg\" alt=\"Bot\u00f3n para ver m\u00e1s informaci\u00f3n de qu\u00e9 es el Mystery Shopping\">\n                <\/button>\n            <\/div>\n            <p class=\"service-description inactive\">\n                No necesitas experiencia previa. Solo buscamos personas observadoras, detallistas y muy comprometidas para evaluar el servicio de terceras personas. Te brindamos capacitaci\u00f3n para\n                que tengas las herramientas necesarias para realizar tus evaluaciones con \u00e9xito. Si tienes un buen ojo para los detalles, \u00a1te encantar\u00e1 ser un <i>Mystery Shopper<\/i>!\n            <\/p>\n        <\/div>\n    <\/section>\t\t\t\t<\/div>\n\t\t\t\t<\/div>\n\t\t\t\t<\/div>\n\t\t<div class=\"elementor-element elementor-element-4f5ca5e e-flex e-con-boxed elementor-invisible e-con e-parent\" data-id=\"4f5ca5e\" data-element_type=\"container\" data-settings=\"{&quot;animation&quot;:&quot;fadeIn&quot;}\">\n\t\t\t\t\t<div class=\"e-con-inner\">\n\t\t\t\t<div class=\"elementor-element elementor-element-349b448 elementor-widget elementor-widget-video\" data-id=\"349b448\" data-element_type=\"widget\" data-settings=\"{&quot;video_type&quot;:&quot;hosted&quot;,&quot;controls&quot;:&quot;yes&quot;}\" data-widget_type=\"video.default\">\n\t\t\t\t<div class=\"elementor-widget-container\">\n\t\t\t\t\t\t\t<div class=\"e-hosted-video elementor-wrapper elementor-open-inline\">\n\t\t\t\t\t<video class=\"elementor-video\" src=\"https:\/\/www.consumidoresanonimos.com\/wp-content\/uploads\/2025\/03\/Como_ser_un_Ms_-5.mp4\" controls=\"\" preload=\"auto\" controlsList=\"nodownload\"><\/video>\n\t\t\t\t<\/div>\n\t\t\t\t\t\t<\/div>\n\t\t\t\t<\/div>\n\t\t\t\t\t<\/div>\n\t\t\t\t<\/div>\n\t\t<div class=\"elementor-element elementor-element-4c037a3 e-con-full e-flex e-con e-parent\" data-id=\"4c037a3\" data-element_type=\"container\">\n\t\t\t\t<div class=\"elementor-element elementor-element-c46b047 elementor-widget elementor-widget-html\" data-id=\"c46b047\" data-element_type=\"widget\" data-widget_type=\"html.default\">\n\t\t\t\t<div class=\"elementor-widget-container\">\n\t\t\t\t\t<section id=\"shoppers_testimonials\">\n        <h2 class=\"section-title\">Testimoniales<\/h2>\n\n        <p class=\"section-description\">Mira lo que dicen nuestros <b>Shoppers<\/b> sobre nosotros<\/p>\n\n        <div id=\"testimonials_carousel\" class=\"carousel slide\" data-ride=\"carousel\">\n            <!-- Indicators -->\n            <ol class=\"carousel-indicators\">\n              <li data-target=\"#testimonials_carousel\" data-slide-to=\"0\" class=\"active\"><\/li>\n              <li data-target=\"#testimonials_carousel\" data-slide-to=\"1\"><\/li>\n              <li data-target=\"#testimonials_carousel\" data-slide-to=\"2\"><\/li>\n              <li data-target=\"#testimonials_carousel\" data-slide-to=\"3\"><\/li>\n            <\/ol>\n          \n            <!-- Wrapper for slides -->\n            <div class=\"carousel-inner\" role=\"listbox\">\n              <div class=\"item active\">\n                <div class=\"partner-avatar\">\n                    <figure><img decoding=\"async\" src=\"https:\/\/www.consumidoresanonimos.com\/wp-content\/uploads\/2025\/03\/user_2.svg\" alt=\"Foto de perfil de Luis L.\"><\/figure>\n                    <div class=\"partner-data\">Luis L.<br>CDMX<\/div>\n                <\/div>\n                <div class=\"partner-testimonial\">\n                    Personalmente, ha sido una buena experiencia, he tenido contacto \n                    cercano con mis Coordinadores de proyecto. El pago de las \n                    evaluaciones se realiza en el tiempo establecido y se me env\u00eda \n                    una relaci\u00f3n de las visitas pagadas de forma desglosada, lo que \n                    me ayuda a llevar un control personal de mis ingresos.\n                <\/div>\n              <\/div>\n\n              <div class=\"item\">\n                <div class=\"partner-avatar\">\n                    <figure><img decoding=\"async\" src=\"https:\/\/www.consumidoresanonimos.com\/wp-content\/uploads\/2025\/03\/user_2.svg\" alt=\"Foto de perfil de Luis L.\"><\/figure>\n                    <div class=\"partner-data\">Adri\u00e1n C.<br>Yucat\u00e1n<\/div>\n                <\/div>\n                <div class=\"partner-testimonial\">\n                    La verdad ha sido una experiencia muy gratificante, ya que ofrecen \n                    proyectos de trabajo que son buenos; brindan las facilidades y capacitaciones necesarias y \n                    pagan lo establecido en cada proyecto despu\u00e9s de haber enviado las \n                    evaluaciones. Esta es una buena oportunidad para generar dinero en \n                    tus tiempos libres.\n                <\/div>\n              <\/div>\n\n              <div class=\"item\">\n                <div class=\"partner-avatar\">\n                    <figure><img decoding=\"async\" src=\"https:\/\/www.consumidoresanonimos.com\/wp-content\/uploads\/2025\/03\/user_2.svg\" alt=\"Foto de perfil de Luis L.\"><\/figure>\n                    <div class=\"partner-data\">Javier T.<br>Yucat\u00e1n<\/div>\n                <\/div>\n                <div class=\"partner-testimonial\">\n                    Comparto un poco de lo que he vivido con Consumidores An\u00f3nimos. De entrada, \n                    estoy enormemente agradecido porque me dieron la primera \n                    oportunidad en un proyecto de Mystery Shopping. A la fecha, llevo \n                    7 a\u00f1os con la Empresa. Siempre han estado al pendiente de m\u00ed, \n                    como Shopper y continuamente me han dado retroalimentaci\u00f3n de mi \n                    trabajo para mejorar. Describo mi experiencia como una de las \n                    mejores y deseo poder estar mucho tiempo compartiendo nuevas \n                    aventuras.\n                <\/div>\n              <\/div>\n\n              <div class=\"item\">\n                <div class=\"partner-avatar\">\n                    <figure><img decoding=\"async\" src=\"https:\/\/www.consumidoresanonimos.com\/wp-content\/uploads\/2025\/03\/user_2.svg\" alt=\"Foto de perfil de Luis L.\"><\/figure>\n                    <div class=\"partner-data\">Adriana M.<br>Yucat\u00e1n<\/div>\n                <\/div>\n                <div class=\"partner-testimonial\">\n                    Estoy agradecida de que existan plataformas como Consumidores \n                    An\u00f3nimos, la cual da la oportunidad de trabajar a personas \n                    como yo, que soy madre y ama de casa.\n                    Me gusta la flexibilidad de horarios para realizar las visitas \n                    y en cuanto a los pagos, nunca me han quedado a deber nada. \n                    Adem\u00e1s, las tareas a realizar resultan ser experiencias agradables.\n                <\/div>\n              <\/div>\n            <\/div>\n          \n            <!-- Controls -->\n            <a class=\"left carousel-control\" href=\"#testimonials_carousel\" role=\"button\" data-slide=\"prev\">\n              <span class=\"glyphicon glyphicon-chevron-left\" aria-hidden=\"true\"><\/span>\n              <span class=\"sr-only\">Previous<\/span>\n            <\/a>\n            <a class=\"right carousel-control\" href=\"#testimonials_carousel\" role=\"button\" data-slide=\"next\">\n              <span class=\"glyphicon glyphicon-chevron-right\" aria-hidden=\"true\"><\/span>\n              <span class=\"sr-only\">Next<\/span>\n            <\/a>\n          <\/div>\n    <\/section>\t\t\t\t<\/div>\n\t\t\t\t<\/div>\n\t\t\t\t<\/div>\n\t\t<div class=\"elementor-element elementor-element-40b1537 e-flex e-con-boxed e-con e-parent\" data-id=\"40b1537\" data-element_type=\"container\">\n\t\t\t\t\t<div class=\"e-con-inner\">\n\t\t\t\t<div class=\"elementor-element elementor-element-9418477 elementor-widget elementor-widget-html\" data-id=\"9418477\" data-element_type=\"widget\" data-widget_type=\"html.default\">\n\t\t\t\t<div class=\"elementor-widget-container\">\n\t\t\t\t\t<script src=\"https:\/\/code.jquery.com\/jquery-1.12.4.js\" integrity=\"sha256-Qw82+bXyGq6MydymqBxNPYTaUXXq7c8v3CwiYwLLNXU=\" crossorigin=\"anonymous\"><\/script>\n    <script src=\"https:\/\/cdn.jsdelivr.net\/npm\/bootstrap@3.3.7\/dist\/js\/bootstrap.min.js\" integrity=\"sha384-Tc5IQib027qvyjSMfHjOMaLkfuWVxZxUPnCJA7l2mCWNIpG9mGCD8wGNIcPD7Txa\" crossorigin=\"anonymous\"><\/script>\n    <script>\n        const displayServiceDataTriggers = document.querySelectorAll('.service .service-title');\n\n        displayServiceDataTriggers.forEach(trigger => {\n            trigger.addEventListener('click', () => {\n                const serviceItem = trigger.parentElement;\n                const serviceDescription = trigger.nextElementSibling;\n                const animatedButton = trigger.lastElementChild\n\n                if (animatedButton.classList.contains('rotate180')){\n                    animatedButton.classList.remove('rotate180');\n                    animatedButton.classList.add('unrotate180');\n                    serviceItem.classList.remove('extend-service-data');\n                    serviceItem.classList.add('hide-service-data');\n                    setTimeout(() => {\n                        serviceItem.classList.remove('hide-service-data');\n                        animatedButton.classList.remove('unrotate180');\n                    }, 450);\n                    serviceDescription.classList.remove('fade-in');\n                    serviceDescription.classList.add('inactive');\n                }\n                else {\n                    animatedButton.classList.add('rotate180');\n                    serviceItem.classList.add('extend-service-data');\n                    serviceDescription.classList.add('fade-in');\n                    serviceDescription.classList.remove('inactive');\n                }\n            });\n        });\n        \n        const body = document.querySelector('body');\n        const floatingReturnToHero = document.getElementById('floating_return_to_hero');\n        const floatingReturnToHeroAnchor = floatingReturnToHero.querySelector('a');\n\n        body.addEventListener('wheel', () => {\n            if (window.scrollY > (window.innerHeight \/ 2)) floatingReturnToHero.className = 'fast-fade-in';\n            else floatingReturnToHero.className = 'inactive';\n        });\n\n        floatingReturnToHeroAnchor.addEventListener('click', () => {floatingReturnToHero.classList.add('inactive');});\n\n        $('.carousel').carousel({\n            interval: 3000,\n            pause: 'hover',\n        });\n    <\/script>\t\t\t\t<\/div>\n\t\t\t\t<\/div>\n\t\t\t\t\t<\/div>\n\t\t\t\t<\/div>\n\t\t\t\t<\/div>\n\t\t\n\n\n\n<p><\/p>\n","protected":false},"excerpt":{"rendered":"","protected":false},"author":0,"featured_media":0,"parent":0,"menu_order":0,"comment_status":"closed","ping_status":"closed","template":"elementor_header_footer","meta":{"footnotes":""},"class_list":["post-753","page","type-page","status-publish","hentry"],"_links":{"self":[{"href":"https:\/\/www.consumidoresanonimos.com\/es\/wp-json\/wp\/v2\/pages\/753","targetHints":{"allow":["GET"]}}],"collection":[{"href":"https:\/\/www.consumidoresanonimos.com\/es\/wp-json\/wp\/v2\/pages"}],"about":[{"href":"https:\/\/www.consumidoresanonimos.com\/es\/wp-json\/wp\/v2\/types\/page"}],"replies":[{"embeddable":true,"href":"https:\/\/www.consumidoresanonimos.com\/es\/wp-json\/wp\/v2\/comments?post=753"}],"version-history":[{"count":5,"href":"https:\/\/www.consumidoresanonimos.com\/es\/wp-json\/wp\/v2\/pages\/753\/revisions"}],"predecessor-version":[{"id":2257,"href":"https:\/\/www.consumidoresanonimos.com\/es\/wp-json\/wp\/v2\/pages\/753\/revisions\/2257"}],"wp:attachment":[{"href":"https:\/\/www.consumidoresanonimos.com\/es\/wp-json\/wp\/v2\/media?parent=753"}],"curies":[{"name":"wp","href":"https:\/\/api.w.org\/{rel}","templated":true}]}}